
{"id":530,"date":"2023-07-04T16:41:02","date_gmt":"2023-07-04T14:41:02","guid":{"rendered":"https:\/\/bold-dog.pl\/?page_id=530"},"modified":"2023-07-04T16:43:20","modified_gmt":"2023-07-04T14:43:20","slug":"klauzula-informacyjna","status":"publish","type":"page","link":"https:\/\/bold-dog.pl\/en\/klauzula-informacyjna\/","title":{"rendered":"Klauzula informacyjna"},"content":{"rendered":"<p>KLAUZULA INFORMACYJNA<\/p>\n\n\n\n<p>Szanowni Pa\u0144stwo,<\/p>\n\n\n\n<p>Chcieliby\u015bmy poinformowa\u0107, i\u017c Pa\u0144stwa dane osobowe s\u0105 przetwarzane przez Administratora \u2013 Adama Grodzkiego, Dog Training K9 Adam Grodzki\u201d z siedzib\u0105 w Warszawie, ul. Sokratesa 9 lok. 125, 01 \u2013 909 Warszawa, adres korespondencyjny: ul. Rzeki 11, 05 \u2013 408 Wola Karczewska, wpisany do Centralnej Ewidencji i Informacji Gospodarczej, posiadaj\u0105cy numer NIP: 7181944902, REGON: 523648578 (tel. 508&nbsp;641 699., e-mail: <a href=\"mailto:adam.grodzki@gmail.com\">adam.grodzki@gmail.com<\/a> w celach zwi\u0105zanych z zawarciem, wykonywaniem oraz dochodzeniem roszcze\u0144, jak r\u00f3wnie\u017c w celach wype\u0142nienia obowi\u0105zk\u00f3w prawnych ci\u0105\u017c\u0105cych na Administratorze na podstawie zawartej z Administratorem umowy ramowej powierzenia psa pod opiek\u0119 oraz powszechnie obowi\u0105zuj\u0105cych przepis\u00f3w prawa.<\/p>\n\n\n\n<p>Nadto, Pa\u0144stwa dane osobowe mog\u0105 by\u0107 przetwarzane na podstawie zgody, w celach okre\u015blonych w Pa\u0144stwa o\u015bwiadczeniu.<\/p>\n\n\n\n<p>Nadto informujemy, \u017ce:<\/p>\n\n\n\n<ol>\n<li>Pa\u0144stwa dane nie s\u0105 profilowane;<\/li>\n\n\n\n<li>Odbiorcami Pa\u0144stwa danych osobowych mog\u0105 by\u0107 podmioty trzecie, kt\u00f3rym Administrator powierzy\u0142 przetwarzanie danych osobowych na podstawie umowy zawartej w formie pisemnej, urz\u0119dy skarbowe, jak r\u00f3wnie\u017c organy w\u0142adzy publicznej oraz podmioty wykonuj\u0105ce zadania publiczne lub dzia\u0142aj\u0105ce na zlecenie organ\u00f3w w\u0142adzy publicznej, w zakresie i w celach, kt\u00f3re wynikaj\u0105 z przepis\u00f3w powszechnie obowi\u0105zuj\u0105cego prawa;<\/li>\n\n\n\n<li>Pa\u0144stwa dane osobowe, mog\u0105 zosta\u0107 Pa\u0144stwu udost\u0119pnione w ka\u017cdym czasie, za wcze\u015bniejszym uzgodnieniem terminu w siedzibie Administratora (ul. Rzeki 11, 05 \u2013 408 Wola Karczewska;<\/li>\n\n\n\n<li>Pa\u0144stwa dane osobowe b\u0119d\u0105 przechowywane przez okres niezb\u0119dny do realizacji cel\u00f3w okre\u015blonych powy\u017cej, a po tym czasie przez okres oraz w zakresie wymaganym przez przepisy powszechnie obowi\u0105zuj\u0105cego prawa.<\/li>\n<\/ol>\n\n\n\n<p>W zwi\u0105zku z przetwarzaniem Pani\/Pana danych osobowych przys\u0142uguj\u0105 Pani\/Panu nast\u0119puj\u0105ce uprawnienia:<\/p>\n\n\n\n<p><br>1. prawo dost\u0119pu do danych osobowych;<\/p>\n\n\n\n<ol start=\"2\">\n<li>prawo do \u017c\u0105dania sprostowania (poprawiania) danych osobowych;<\/li>\n\n\n\n<li>prawo do \u017c\u0105dania ograniczenia przetwarzania danych osobowych;<\/li>\n\n\n\n<li>prawo do przenoszenia danych;<\/li>\n<\/ol>\n\n\n\n<p>W przypadku, gdy przetwarzanie danych osobowych odbywa si\u0119 na podstawie zgody osoby na przetwarzanie danych osobowych, przys\u0142uguje Pani\/Panu prawo do cofni\u0119cia tej zgody w dowolnym momencie.<\/p>\n\n\n\n<p><br>Nadto, przys\u0142uguje Pani\/Panu prawo wniesienia skargi do organu nadzorczego w\u0142a\u015bciwego w sprawach ochrony danych osobowych (Obecnie: Prezes Urz\u0119du Ochrony Danych Osobowych, ul. Stawki 2, Warszawa).<\/p>\n\n\n\n<p>W sytuacji, gdy przetwarzanie danych osobowych odbywa si\u0119 na podstawie zgody osoby, kt\u00f3rej dane dotycz\u0105, podanie przez Pani\u0105\/Pana danych osobowych Administratorowi ma charakter dobrowolny.<\/p>\n\n\n\n<p>Podanie przez Pani\u0105\/Pana danych osobowych jest obowi\u0105zkowe, w sytuacji gdy przes\u0142ank\u0119 przetwarzania danych osobowych stanowi przepis prawa lub zawarta mi\u0119dzy stronami umowa.<\/p>","protected":false},"excerpt":{"rendered":"<p>KLAUZULA INFORMACYJNA Szanowni Pa\u0144stwo, Chcieliby\u015bmy poinformowa\u0107, i\u017c Pa\u0144stwa dane osobowe s\u0105 przetwarzane przez Administratora \u2013 Adama Grodzkiego, Dog Training K9 Adam Grodzki\u201d z siedzib\u0105 w Warszawie, ul. Sokratesa 9 lok. 125, 01 \u2013 909 Warszawa, adres korespondencyjny: ul. Rzeki 11, 05 \u2013 408 Wola Karczewska, wpisany do Centralnej Ewidencji i Informacji Gospodarczej, posiadaj\u0105cy numer NIP: [&hellip;]<\/p>","protected":false},"author":1,"featured_media":0,"parent":0,"menu_order":0,"comment_status":"closed","ping_status":"closed","template":"","meta":{"inline_featured_image":false,"footnotes":""},"_links":{"self":[{"href":"https:\/\/bold-dog.pl\/en\/wp-json\/wp\/v2\/pages\/530"}],"collection":[{"href":"https:\/\/bold-dog.pl\/en\/wp-json\/wp\/v2\/pages"}],"about":[{"href":"https:\/\/bold-dog.pl\/en\/wp-json\/wp\/v2\/types\/page"}],"author":[{"embeddable":true,"href":"https:\/\/bold-dog.pl\/en\/wp-json\/wp\/v2\/users\/1"}],"replies":[{"embeddable":true,"href":"https:\/\/bold-dog.pl\/en\/wp-json\/wp\/v2\/comments?post=530"}],"version-history":[{"count":2,"href":"https:\/\/bold-dog.pl\/en\/wp-json\/wp\/v2\/pages\/530\/revisions"}],"predecessor-version":[{"id":532,"href":"https:\/\/bold-dog.pl\/en\/wp-json\/wp\/v2\/pages\/530\/revisions\/532"}],"wp:attachment":[{"href":"https:\/\/bold-dog.pl\/en\/wp-json\/wp\/v2\/media?parent=530"}],"curies":[{"name":"wp","href":"https:\/\/api.w.org\/{rel}","templated":true}]}}