
{"id":3,"date":"2023-04-05T12:56:23","date_gmt":"2023-04-05T10:56:23","guid":{"rendered":"https:\/\/bold-dog.pl\/?page_id=3"},"modified":"2023-07-04T16:43:56","modified_gmt":"2023-07-04T14:43:56","slug":"polityka-prywatnosci","status":"publish","type":"page","link":"https:\/\/bold-dog.pl\/en\/polityka-prywatnosci\/","title":{"rendered":"Polityka prywatno\u015bci"},"content":{"rendered":"<p>POLITYKA PRYWATNO\u015aCI<\/p>\n\n\n\n<ol type=\"I\">\n<li>Gromadzenie danych<\/li>\n<\/ol>\n\n\n\n<ol>\n<li>Informacje udost\u0119pniane bezpo\u015brednio i dobrowolnie przez Us\u0142ugobiorc\u0119 w ramach korzystania z funkcjonalno\u015bci serwisu, tj. formularz kontaktowy, zapis na Newsletter, formularz transakcyjny, formularz Konta. Skutkami niepodania danych jest brak mo\u017cliwo\u015bci korzystania z okre\u015blonej us\u0142ugi.<\/li>\n\n\n\n<li>Informacje pozyskane automatycznie w trakcie korzystania przez Us\u0142ugobiorc\u0119 z serwisu (pliki log\u00f3w serwera) \u2013 serwer serwisu automatycznie zapisuje (1) czas wys\u0142ania odpowiedzi przez serwer, (2) adres IP urz\u0105dzenia Us\u0142ugobiorcy, (3) \u017c\u0105danie Us\u0142ugobiorcy (adres witryny internetowej na kt\u00f3r\u0105 wszed\u0142 Us\u0142ugobiorca), (4) adres \u201ereferer link\u201d (w przypadku, gdy przej\u015bcie na stron\u0119 nast\u0105pi\u0142o przez odno\u015bnik), (5) informacje o wersji przegl\u0105darki, (6) data i godzina odwiedzin, (7) &nbsp;informacje o wersji systemu operacyjnego urz\u0105dzenia Us\u0142ugobiorcy, (8) rodzaj po\u0142\u0105czenia (GET\/POST), (9) adres \u017c\u0105dania, (10) rodzaj komunikacji http\/1.1 lub \/2, (11) OS: nazwa, wersja, (12) architektura: 32bit\/64bit, (13) kod b\u0142\u0119du przy pobraniu obiektu, (14) referer link, (15) ilo\u015b\u0107 danych pobranych (przed i po kompresji). Dane s\u0105 przechowywane przez czas nieokre\u015blny jako materia\u0142 pomocniczy do administrowania serwisem.<\/li>\n\n\n\n<li>Informacje statystyczne \u2013 Us\u0142ugodawca gromadzi takie dane jak liczba odwiedzin serwisu, kraj, przegl\u0105darka, czas wizyty. Dane te s\u0105 gromadzone za pomoc\u0105 rozwi\u0105za\u0144 technologicznych zewn\u0119trznych dostawc\u00f3w. Prosimy o zapoznanie si\u0119 z obecnymi standardami obowi\u0105zuj\u0105cymi w systemie Google Analytics.<\/li>\n<\/ol>\n\n\n\n<ol type=\"I\" start=\"2\">\n<li>Ochrona Danych Osobowych<\/li>\n<\/ol>\n\n\n\n<p>Pa\u0144stwa dane osobowe s\u0105 przetwarzane przez Administratora \u2013 Adama Grodzkiego, Dog Training K9 Adam Grodzki\u201d z siedzib\u0105 w Warszawie, ul. Sokratesa 9 lok. 125, 01 \u2013 909 Warszawa, adres korespondencyjny: ul. Rzeki 11, 05 \u2013 408 Wola Karczewska, wpisany do Centralnej Ewidencji i Informacji Gospodarczej, posiadaj\u0105cy numer NIP: 7181944902, REGON: 523648578 (tel. 508-641-699, e-mail: <a href=\"mailto:adam.grodzki@gmail.com\">adam.grodzki@gmail.com<\/a>) w celach zwi\u0105zanych z zawarciem, wykonywaniem oraz dochodzeniem roszcze\u0144, jak r\u00f3wnie\u017c w celach wype\u0142nienia obowi\u0105zk\u00f3w prawnych ci\u0105\u017c\u0105cych na Administratorze na podstawie zawartej z Administratorem umowy sprzeda\u017cy, danych pozyskanych na podstawie formularza kontaktowe, zapisu na Newsletter, formularza transakcyjnego, czy formularza Konta oraz powszechnie obowi\u0105zuj\u0105cych przepis\u00f3w prawa.<\/p>\n\n\n\n<p>Nadto, Pa\u0144stwa dane osobowe mog\u0105 by\u0107 przetwarzane na podstawie zgody, w celach okre\u015blonych w Pa\u0144stwa o\u015bwiadczeniu.<\/p>\n\n\n\n<p>Nadto informujemy, \u017ce:<\/p>\n\n\n\n<ol>\n<li>Pa\u0144stwa dane nie s\u0105 profilowane;<\/li>\n\n\n\n<li>Odbiorcami Pa\u0144stwa danych osobowych mog\u0105 by\u0107 podmioty trzecie, kt\u00f3rym Administrator powierzy\u0142 przetwarzanie danych osobowych na podstawie umowy zawartej w formie pisemnej, urz\u0119dy skarbowe, jak r\u00f3wnie\u017c organy w\u0142adzy publicznej oraz podmioty wykonuj\u0105ce zadania publiczne lub dzia\u0142aj\u0105ce na zlecenie organ\u00f3w w\u0142adzy publicznej, w zakresie i w celach, kt\u00f3re wynikaj\u0105 z przepis\u00f3w powszechnie obowi\u0105zuj\u0105cego prawa;<\/li>\n\n\n\n<li>Pa\u0144stwa dane osobowe, mog\u0105 zosta\u0107 Pa\u0144stwu udost\u0119pnione w ka\u017cdym czasie, za wcze\u015bniejszym uzgodnieniem terminu w siedzibie Administratora (ul. Rzeki 11, 05 \u2013 408 Wola Karczewska);<\/li>\n\n\n\n<li>Pa\u0144stwa dane osobowe b\u0119d\u0105 przechowywane przez okres niezb\u0119dny do realizacji cel\u00f3w okre\u015blonych powy\u017cej, a po tym czasie przez okres oraz w zakresie wymaganym przez przepisy powszechnie obowi\u0105zuj\u0105cego prawa.<\/li>\n<\/ol>\n\n\n\n<p>W zwi\u0105zku z przetwarzaniem Pani\/Pana danych osobowych przys\u0142uguj\u0105 Pani\/Panu nast\u0119puj\u0105ce uprawnienia:<\/p>\n\n\n\n<p><br>1. prawo dost\u0119pu do danych osobowych;<\/p>\n\n\n\n<ol start=\"2\">\n<li>prawo do \u017c\u0105dania sprostowania (poprawiania) danych osobowych;<\/li>\n\n\n\n<li>prawo do \u017c\u0105dania ograniczenia przetwarzania danych osobowych;<\/li>\n\n\n\n<li>prawo do przenoszenia danych;<\/li>\n<\/ol>\n\n\n\n<p>W przypadku, gdy przetwarzanie danych osobowych odbywa si\u0119 na podstawie zgody osoby na przetwarzanie danych osobowych, przys\u0142uguje Pani\/Panu prawo do cofni\u0119cia tej zgody w dowolnym momencie.<\/p>\n\n\n\n<p><br>Nadto, przys\u0142uguje Pani\/Panu prawo wniesienia skargi do organu nadzorczego w\u0142a\u015bciwego w sprawach ochrony danych osobowych (Obecnie: Prezes Urz\u0119du Ochrony Danych Osobowych, ul. Stawki 2, Warszawa).<\/p>\n\n\n\n<p>W sytuacji, gdy przetwarzanie danych osobowych odbywa si\u0119 na podstawie zgody osoby, kt\u00f3rej dane dotycz\u0105, podanie przez Pani\u0105\/Pana danych osobowych Administratorowi ma charakter dobrowolny.<\/p>\n\n\n\n<p>Podanie przez Pani\u0105\/Pana danych osobowych jest obowi\u0105zkowe, w sytuacji gdy przes\u0142ank\u0119 przetwarzania danych osobowych stanowi przepis prawa lub zawarta mi\u0119dzy stronami umowa.<\/p>\n\n\n\n<ol type=\"I\" start=\"3\">\n<li>Polityka cookies<\/li>\n<\/ol>\n\n\n\n<p>Wchodz\u0105c na stron\u0119 <a href=\"http:\/\/www.bolddog.pl\/\">www.bolddog.pl<\/a> korzystamy z cookies. Cookies s\u0105 to niewielkie pliki tekstowe wysy\u0142ane przez serwer naszej strony i przechowywane przez oprogramowanie przegl\u0105darki komputera. Kiedy przegl\u0105darka komputera u\u017cytkownika ponownie po\u0142\u0105czy si\u0119 ze stron\u0105, witryna rozpozna rodzaj urz\u0105dzenia, z kt\u00f3rego u\u017cytkownik si\u0119 z ni\u0105 \u0142\u0105czy. Zawarte w nich informacje mog\u0105 by\u0107 odczytane jedynie przez serwer, kt\u00f3ry je utworzy\u0142. Dzi\u0119ki cookies posiadamy \u0142atwiejsze korzystanie z odwiedzanych przez nas witryn www.<\/p>\n\n\n\n<p>Pliki cookies umo\u017cliwiaj\u0105 serwerowi gromadzenie takich danych jak: adres IP, typ przegl\u0105darki, j\u0119zyk, rodzaj systemu operacyjnego, danych dostawcy us\u0142ugi internetowej, czas i data, lokalizacja oraz informacji przesy\u0142anych do witryn za po\u015brednictwem formularza kontaktowego.<\/p>\n\n\n\n<p>Nasza witryna korzysta z cookies celem monitorowania w jaki spos\u00f3b u\u017cytkownicy korzystaj\u0105 z naszej witryny. Dzi\u0119ki temu mo\u017cemy usprawni\u0107 funkcjonowanie portalu poprzez zapewnienie efektywniejszej nawigacji.<\/p>\n\n\n\n<p>Korzystamy z narz\u0119dzia Google Analytics s\u0142u\u017c\u0105cego do rejestracji zachowa\u0144 u\u017cytkownik\u00f3w. Zebrane dane s\u0105 wykorzystywane jedynie wewn\u0105trz firmy Dog Training K9 Adam Grodzki.<\/p>\n\n\n\n<p>Pliki cookies identyfikuj\u0105 u\u017cytkownika, co pozwala na dopasowanie tre\u015bci do niego kierowanej. Dzi\u0119ki temu preferencje u\u017cytkownika s\u0105 zapami\u0119tywane.<\/p>\n\n\n\n<p>Na&nbsp;naszej witrynie wykorzystujemy nast\u0119puj\u0105ce pliki cookies:<\/p>\n\n\n\n<p>a) \u201eniezb\u0119dne\u201d pliki cookies, umo\u017cliwiaj\u0105ce korzystanie z&nbsp;us\u0142ug dost\u0119pnych w&nbsp;ramach serwisu, np.&nbsp;uwierzytelniaj\u0105ce pliki cookies wykorzystywane do&nbsp;us\u0142ug wymagaj\u0105cych uwierzytelniania w&nbsp;ramach serwisu;<\/p>\n\n\n\n<p>b) \u201ewydajno\u015bciowe\u201d pliki cookies, umo\u017cliwiaj\u0105ce zbieranie informacji o&nbsp;sposobie korzystania ze&nbsp;stron internetowych serwisu;<\/p>\n\n\n\n<p>U\u017cytkownik ma mo\u017cliwo\u015b\u0107 wy\u0142\u0105czenia lub przywr\u00f3cenia opcji gromadzenia cookies w ka\u017cdej chwili poprzez zmian\u0119 ustawie\u0144 w&nbsp;przegl\u0105darce internetowej.<\/p>\n\n\n\n<p>Dodatkowe dane osobowe, jak adres e-mail, zbierane s\u0105 jedynie w&nbsp;miejscach, w&nbsp;kt\u00f3rych&nbsp;u\u017cytkownik wype\u0142niaj\u0105c formularz wyra\u017anie wyrazi\u0142 na&nbsp;to&nbsp;zgod\u0119. Powy\u017csze dane zachowujemy i&nbsp;wykorzystujemy tylko&nbsp;do&nbsp;potrzeb niezb\u0119dnych do&nbsp;wykonania danej funkcji.<\/p>","protected":false},"excerpt":{"rendered":"<p>POLITYKA PRYWATNO\u015aCI Pa\u0144stwa dane osobowe s\u0105 przetwarzane przez Administratora \u2013 Adama Grodzkiego, Dog Training K9 Adam Grodzki\u201d z siedzib\u0105 w Warszawie, ul. Sokratesa 9 lok. 125, 01 \u2013 909 Warszawa, adres korespondencyjny: ul. Rzeki 11, 05 \u2013 408 Wola Karczewska, wpisany do Centralnej Ewidencji i Informacji Gospodarczej, posiadaj\u0105cy numer NIP: 7181944902, REGON: 523648578 (tel. 508-641-699, [&hellip;]<\/p>","protected":false},"author":1,"featured_media":0,"parent":0,"menu_order":0,"comment_status":"closed","ping_status":"closed","template":"","meta":{"inline_featured_image":false,"footnotes":""},"_links":{"self":[{"href":"https:\/\/bold-dog.pl\/en\/wp-json\/wp\/v2\/pages\/3"}],"collection":[{"href":"https:\/\/bold-dog.pl\/en\/wp-json\/wp\/v2\/pages"}],"about":[{"href":"https:\/\/bold-dog.pl\/en\/wp-json\/wp\/v2\/types\/page"}],"author":[{"embeddable":true,"href":"https:\/\/bold-dog.pl\/en\/wp-json\/wp\/v2\/users\/1"}],"replies":[{"embeddable":true,"href":"https:\/\/bold-dog.pl\/en\/wp-json\/wp\/v2\/comments?post=3"}],"version-history":[{"count":2,"href":"https:\/\/bold-dog.pl\/en\/wp-json\/wp\/v2\/pages\/3\/revisions"}],"predecessor-version":[{"id":533,"href":"https:\/\/bold-dog.pl\/en\/wp-json\/wp\/v2\/pages\/3\/revisions\/533"}],"wp:attachment":[{"href":"https:\/\/bold-dog.pl\/en\/wp-json\/wp\/v2\/media?parent=3"}],"curies":[{"name":"wp","href":"https:\/\/api.w.org\/{rel}","templated":true}]}}